{"id":106214,"date":"2026-02-11T14:19:16","date_gmt":"2026-02-11T17:19:16","guid":{"rendered":"https:\/\/mcfconsultoria.com.br\/?post_type=product&#038;p=106214"},"modified":"2026-02-11T15:26:20","modified_gmt":"2026-02-11T18:26:20","slug":"o-luxo-aplicado-a-gestao-2","status":"publish","type":"product","link":"https:\/\/mcfconsultoria.com.br\/en\/product\/o-luxo-aplicado-a-gestao-2\/","title":{"rendered":"LUXURY APPLIED TO MANAGEMENT \u2013 AUGUST"},"content":{"rendered":"<p class=\"translation-block\">Our vintage always up to date. The Course \u201c<strong>LUXURY APPLIED TO MANAGEMENT<\/strong>\u201d ad its first edition almost two decades ago, and has already been <strong> conducted in several countries including the USA<\/strong> (English edition), <strong>Argentina, Chile, Mexico, Uruguay<\/strong> (Spanish editions), and  <strong>several cities in Brazil<\/strong>. In <strong>Portugal<\/strong>, the course has been running for 10 years.<\/p>\n<p class=\"translation-block\">The content platform serves as a benchmark for several other programs that have emerged, such as the <strong>Luxury<\/strong> MBA at FAAP (Armando Alvares Penteado Foundation) and extension courses at other institutions.<\/p>\n<p class=\"translation-block\"><strong>Expertise, applicability and practical knowledge in two intense days<\/strong> of exchange with Carlos <strong>Ferreirinha<\/strong>. The course is conducted in an intimate format with a limited number of registrants to ensure maximum <strong>interaction at all times<\/strong>.<\/p>\n<p class=\"translation-block\">It is aimed at <strong>professionals, leaders and executives from all segments<\/strong> who seek <strong>inspiration for Luxury Management Intelligence<\/strong> as a competitive advantage in their different areas of expertise.<\/p>\n<p>&nbsp;<\/p>\n<p><strong>LOCAL<\/strong><br \/>\nCasa MCF<br \/>\nAl J\u00e1u, 1717, casa 2<\/p>\n<p><strong>HOR\u00c1RIO<\/strong><br \/>\n09h00 \u00e0s 18h00<\/p>\n<p>Data sujeita a altera\u00e7\u00e3o conforme fechamento da turma.<\/p>","protected":false},"excerpt":{"rendered":"<p class=\"translation-block\">Expertise, applicability and practical knowledge in two intense days of exchange with <b>Carlos Ferreirinha<\/b>, with a limited number of participants for greater interaction at all times.<\/p>\n<p>&nbsp;<\/p>","protected":false},"featured_media":23269,"comment_status":"closed","ping_status":"closed","template":"","meta":{"_acf_changed":false,"_joinchat":[]},"product_brand":[],"product_cat":[61],"product_tag":[54,52,51,63,65],"class_list":{"0":"post-106214","1":"product","2":"type-product","3":"status-publish","4":"has-post-thumbnail","6":"product_cat-o-luxo-aplicado-a-gestao","7":"product_tag-atendimento","8":"product_tag-experiencia","9":"product_tag-imersao","10":"product_tag-networking","11":"product_tag-presencial","13":"first","14":"instock","15":"shipping-taxable","16":"purchasable","17":"product-type-simple"},"acf":[],"yoast_head":"<!-- This site is optimized with the Yoast SEO plugin v26.2 - https:\/\/yoast.com\/wordpress\/plugins\/seo\/ -->\n<title>O LUXO APLICADO \u00c0 GEST\u00c3O - AGOSTO - MCF<\/title>\n<meta name=\"robots\" content=\"index, follow, max-snippet:-1, max-image-preview:large, max-video-preview:-1\" \/>\n<link rel=\"canonical\" href=\"https:\/\/mcfconsultoria.com.br\/en\/product\/o-luxo-aplicado-a-gestao-2\/\" \/>\n<meta property=\"og:locale\" content=\"en_US\" \/>\n<meta property=\"og:type\" content=\"article\" \/>\n<meta property=\"og:title\" content=\"O LUXO APLICADO \u00c0 GEST\u00c3O - AGOSTO - MCF\" \/>\n<meta property=\"og:description\" content=\"Expertise, aplicabilidade e conhecimento pr\u00e1tico em dois dias intensos de troca com Carlos Ferreirinha, com n\u00famero limitado de inscritos para uma maior intera\u00e7\u00e3o a todo o momento.  &nbsp;\" \/>\n<meta property=\"og:url\" content=\"https:\/\/mcfconsultoria.com.br\/en\/product\/o-luxo-aplicado-a-gestao-2\/\" \/>\n<meta property=\"og:site_name\" content=\"MCF\" \/>\n<meta property=\"article:modified_time\" content=\"2026-02-11T18:26:20+00:00\" \/>\n<meta property=\"og:image\" content=\"https:\/\/mcfconsultoria.com.br\/wp-content\/uploads\/2023\/06\/pexels-ethan-sees-2853432.jpg\" \/>\n\t<meta property=\"og:image:width\" content=\"1999\" \/>\n\t<meta property=\"og:image:height\" content=\"2499\" \/>\n\t<meta property=\"og:image:type\" content=\"image\/jpeg\" \/>\n<meta name=\"twitter:card\" content=\"summary_large_image\" \/>\n<meta name=\"twitter:label1\" content=\"Est. reading time\" \/>\n\t<meta name=\"twitter:data1\" content=\"2 minutes\" \/>\n<script type=\"application\/ld+json\" class=\"yoast-schema-graph\">{\"@context\":\"https:\/\/schema.org\",\"@graph\":[{\"@type\":\"WebPage\",\"@id\":\"https:\/\/mcfconsultoria.com.br\/product\/o-luxo-aplicado-a-gestao-2\/\",\"url\":\"https:\/\/mcfconsultoria.com.br\/product\/o-luxo-aplicado-a-gestao-2\/\",\"name\":\"O LUXO APLICADO \u00c0 GEST\u00c3O - AGOSTO - MCF\",\"isPartOf\":{\"@id\":\"https:\/\/mcfconsultoria.com.br\/#website\"},\"primaryImageOfPage\":{\"@id\":\"https:\/\/mcfconsultoria.com.br\/product\/o-luxo-aplicado-a-gestao-2\/#primaryimage\"},\"image\":{\"@id\":\"https:\/\/mcfconsultoria.com.br\/product\/o-luxo-aplicado-a-gestao-2\/#primaryimage\"},\"thumbnailUrl\":\"https:\/\/mcfconsultoria.com.br\/wp-content\/uploads\/2023\/06\/pexels-ethan-sees-2853432.jpg\",\"datePublished\":\"2026-02-11T17:19:16+00:00\",\"dateModified\":\"2026-02-11T18:26:20+00:00\",\"breadcrumb\":{\"@id\":\"https:\/\/mcfconsultoria.com.br\/product\/o-luxo-aplicado-a-gestao-2\/#breadcrumb\"},\"inLanguage\":\"en-US\",\"potentialAction\":[{\"@type\":\"ReadAction\",\"target\":[\"https:\/\/mcfconsultoria.com.br\/product\/o-luxo-aplicado-a-gestao-2\/\"]}]},{\"@type\":\"ImageObject\",\"inLanguage\":\"en-US\",\"@id\":\"https:\/\/mcfconsultoria.com.br\/product\/o-luxo-aplicado-a-gestao-2\/#primaryimage\",\"url\":\"https:\/\/mcfconsultoria.com.br\/wp-content\/uploads\/2023\/06\/pexels-ethan-sees-2853432.jpg\",\"contentUrl\":\"https:\/\/mcfconsultoria.com.br\/wp-content\/uploads\/2023\/06\/pexels-ethan-sees-2853432.jpg\",\"width\":1999,\"height\":2499},{\"@type\":\"BreadcrumbList\",\"@id\":\"https:\/\/mcfconsultoria.com.br\/product\/o-luxo-aplicado-a-gestao-2\/#breadcrumb\",\"itemListElement\":[{\"@type\":\"ListItem\",\"position\":1,\"name\":\"Home\",\"item\":\"https:\/\/mcfconsultoria.com.br\/\"},{\"@type\":\"ListItem\",\"position\":2,\"name\":\"Cursos\",\"item\":\"https:\/\/mcfconsultoria.com.br\/shop\/\"},{\"@type\":\"ListItem\",\"position\":3,\"name\":\"O LUXO APLICADO \u00c0 GEST\u00c3O &#8211; AGOSTO\"}]},{\"@type\":\"WebSite\",\"@id\":\"https:\/\/mcfconsultoria.com.br\/#website\",\"url\":\"https:\/\/mcfconsultoria.com.br\/\",\"name\":\"MCF\",\"description\":\"OUTSTANDING WAY OF BUSINESS. HUMAN WAY OF LIFE\",\"publisher\":{\"@id\":\"https:\/\/mcfconsultoria.com.br\/#organization\"},\"potentialAction\":[{\"@type\":\"SearchAction\",\"target\":{\"@type\":\"EntryPoint\",\"urlTemplate\":\"https:\/\/mcfconsultoria.com.br\/?s={search_term_string}\"},\"query-input\":{\"@type\":\"PropertyValueSpecification\",\"valueRequired\":true,\"valueName\":\"search_term_string\"}}],\"inLanguage\":\"en-US\"},{\"@type\":\"Organization\",\"@id\":\"https:\/\/mcfconsultoria.com.br\/#organization\",\"name\":\"MCF\",\"url\":\"https:\/\/mcfconsultoria.com.br\/\",\"logo\":{\"@type\":\"ImageObject\",\"inLanguage\":\"en-US\",\"@id\":\"https:\/\/mcfconsultoria.com.br\/#\/schema\/logo\/image\/\",\"url\":\"https:\/\/mcfconsultoria.com.br\/wp-content\/uploads\/2024\/09\/cropped-Design-sem-nome-1.png\",\"contentUrl\":\"https:\/\/mcfconsultoria.com.br\/wp-content\/uploads\/2024\/09\/cropped-Design-sem-nome-1.png\",\"width\":721,\"height\":206,\"caption\":\"MCF\"},\"image\":{\"@id\":\"https:\/\/mcfconsultoria.com.br\/#\/schema\/logo\/image\/\"}}]}<\/script>\n<!-- \/ Yoast SEO plugin. -->","yoast_head_json":{"title":"O LUXO APLICADO \u00c0 GEST\u00c3O - AGOSTO - MCF","robots":{"index":"index","follow":"follow","max-snippet":"max-snippet:-1","max-image-preview":"max-image-preview:large","max-video-preview":"max-video-preview:-1"},"canonical":"https:\/\/mcfconsultoria.com.br\/en\/product\/o-luxo-aplicado-a-gestao-2\/","og_locale":"en_US","og_type":"article","og_title":"O LUXO APLICADO \u00c0 GEST\u00c3O - AGOSTO - MCF","og_description":"Expertise, aplicabilidade e conhecimento pr\u00e1tico em dois dias intensos de troca com Carlos Ferreirinha, com n\u00famero limitado de inscritos para uma maior intera\u00e7\u00e3o a todo o momento.  &nbsp;","og_url":"https:\/\/mcfconsultoria.com.br\/en\/product\/o-luxo-aplicado-a-gestao-2\/","og_site_name":"MCF","article_modified_time":"2026-02-11T18:26:20+00:00","og_image":[{"width":1999,"height":2499,"url":"https:\/\/mcfconsultoria.com.br\/wp-content\/uploads\/2023\/06\/pexels-ethan-sees-2853432.jpg","type":"image\/jpeg"}],"twitter_card":"summary_large_image","twitter_misc":{"Est. reading time":"2 minutes"},"schema":{"@context":"https:\/\/schema.org","@graph":[{"@type":"WebPage","@id":"https:\/\/mcfconsultoria.com.br\/product\/o-luxo-aplicado-a-gestao-2\/","url":"https:\/\/mcfconsultoria.com.br\/product\/o-luxo-aplicado-a-gestao-2\/","name":"O LUXO APLICADO \u00c0 GEST\u00c3O - AGOSTO - MCF","isPartOf":{"@id":"https:\/\/mcfconsultoria.com.br\/#website"},"primaryImageOfPage":{"@id":"https:\/\/mcfconsultoria.com.br\/product\/o-luxo-aplicado-a-gestao-2\/#primaryimage"},"image":{"@id":"https:\/\/mcfconsultoria.com.br\/product\/o-luxo-aplicado-a-gestao-2\/#primaryimage"},"thumbnailUrl":"https:\/\/mcfconsultoria.com.br\/wp-content\/uploads\/2023\/06\/pexels-ethan-sees-2853432.jpg","datePublished":"2026-02-11T17:19:16+00:00","dateModified":"2026-02-11T18:26:20+00:00","breadcrumb":{"@id":"https:\/\/mcfconsultoria.com.br\/product\/o-luxo-aplicado-a-gestao-2\/#breadcrumb"},"inLanguage":"en-US","potentialAction":[{"@type":"ReadAction","target":["https:\/\/mcfconsultoria.com.br\/product\/o-luxo-aplicado-a-gestao-2\/"]}]},{"@type":"ImageObject","inLanguage":"en-US","@id":"https:\/\/mcfconsultoria.com.br\/product\/o-luxo-aplicado-a-gestao-2\/#primaryimage","url":"https:\/\/mcfconsultoria.com.br\/wp-content\/uploads\/2023\/06\/pexels-ethan-sees-2853432.jpg","contentUrl":"https:\/\/mcfconsultoria.com.br\/wp-content\/uploads\/2023\/06\/pexels-ethan-sees-2853432.jpg","width":1999,"height":2499},{"@type":"BreadcrumbList","@id":"https:\/\/mcfconsultoria.com.br\/product\/o-luxo-aplicado-a-gestao-2\/#breadcrumb","itemListElement":[{"@type":"ListItem","position":1,"name":"Home","item":"https:\/\/mcfconsultoria.com.br\/"},{"@type":"ListItem","position":2,"name":"Cursos","item":"https:\/\/mcfconsultoria.com.br\/shop\/"},{"@type":"ListItem","position":3,"name":"O LUXO APLICADO \u00c0 GEST\u00c3O &#8211; AGOSTO"}]},{"@type":"WebSite","@id":"https:\/\/mcfconsultoria.com.br\/#website","url":"https:\/\/mcfconsultoria.com.br\/","name":"MCF","description":"OUTSTANDING WAY OF BUSINESS. HUMAN WAY OF LIFE","publisher":{"@id":"https:\/\/mcfconsultoria.com.br\/#organization"},"potentialAction":[{"@type":"SearchAction","target":{"@type":"EntryPoint","urlTemplate":"https:\/\/mcfconsultoria.com.br\/?s={search_term_string}"},"query-input":{"@type":"PropertyValueSpecification","valueRequired":true,"valueName":"search_term_string"}}],"inLanguage":"en-US"},{"@type":"Organization","@id":"https:\/\/mcfconsultoria.com.br\/#organization","name":"MCF","url":"https:\/\/mcfconsultoria.com.br\/","logo":{"@type":"ImageObject","inLanguage":"en-US","@id":"https:\/\/mcfconsultoria.com.br\/#\/schema\/logo\/image\/","url":"https:\/\/mcfconsultoria.com.br\/wp-content\/uploads\/2024\/09\/cropped-Design-sem-nome-1.png","contentUrl":"https:\/\/mcfconsultoria.com.br\/wp-content\/uploads\/2024\/09\/cropped-Design-sem-nome-1.png","width":721,"height":206,"caption":"MCF"},"image":{"@id":"https:\/\/mcfconsultoria.com.br\/#\/schema\/logo\/image\/"}}]}},"_links":{"self":[{"href":"https:\/\/mcfconsultoria.com.br\/en\/wp-json\/wp\/v2\/product\/106214","targetHints":{"allow":["GET"]}}],"collection":[{"href":"https:\/\/mcfconsultoria.com.br\/en\/wp-json\/wp\/v2\/product"}],"about":[{"href":"https:\/\/mcfconsultoria.com.br\/en\/wp-json\/wp\/v2\/types\/product"}],"replies":[{"embeddable":true,"href":"https:\/\/mcfconsultoria.com.br\/en\/wp-json\/wp\/v2\/comments?post=106214"}],"wp:featuredmedia":[{"embeddable":true,"href":"https:\/\/mcfconsultoria.com.br\/en\/wp-json\/wp\/v2\/media\/23269"}],"wp:attachment":[{"href":"https:\/\/mcfconsultoria.com.br\/en\/wp-json\/wp\/v2\/media?parent=106214"}],"wp:term":[{"taxonomy":"product_brand","embeddable":true,"href":"https:\/\/mcfconsultoria.com.br\/en\/wp-json\/wp\/v2\/product_brand?post=106214"},{"taxonomy":"product_cat","embeddable":true,"href":"https:\/\/mcfconsultoria.com.br\/en\/wp-json\/wp\/v2\/product_cat?post=106214"},{"taxonomy":"product_tag","embeddable":true,"href":"https:\/\/mcfconsultoria.com.br\/en\/wp-json\/wp\/v2\/product_tag?post=106214"}],"curies":[{"name":"wp","href":"https:\/\/api.w.org\/{rel}","templated":true}]}}